{"id":30565,"date":"2025-12-23T13:29:01","date_gmt":"2025-12-23T09:29:01","guid":{"rendered":"https:\/\/swissfarmaco.ch\/product\/awardent-frische-pflege\/"},"modified":"2026-02-26T15:03:38","modified_gmt":"2026-02-26T11:03:38","slug":"awardent-frische-pflege","status":"publish","type":"product","link":"https:\/\/swissfarmaco.ch\/de\/produkt\/awardent-frische-pflege\/","title":{"rendered":"AwarDent FRESH"},"content":{"rendered":"<p><strong>Verbessert den lang anhaltenden frischen Atem und Ihr Selbstvertrauen<\/strong><\/p>\n<p><strong>Sch\u00fctzt die Mundh\u00f6hle mit Enzymsystem<\/strong><\/p>\n<p><strong>1450 PPM Fluorid als zinnhaltiges Fluorid und Natriummonofluorophosphat<\/strong><\/p>\n<p>Professionell entwickelte Zahnpasta f\u00fcr die t\u00e4gliche Anwendung:<\/p>\n<ul>\n<li>Unterst\u00fctzt sanft die Gesundheit Ihrer Mundh\u00f6hle<\/li>\n<li>St\u00e4rkt den Zahnschmelz<\/li>\n<li>Hemmt die Bildung von Zahnbelag und Zahnstein<\/li>\n<li>Bietet Schutz vor Karies<\/li>\n<li>Beseitigt schlechten Atem (Halitosis)<\/li>\n<li>Hilft, Pigmentierung zu verhindern<\/li>\n<li>Stellt das nat\u00fcrliche Wei\u00df der Z\u00e4hne wieder her<\/li>\n<\/ul>\n<p><strong>Zutaten:<\/strong> Calciumcarbonat, Sorbitol, Wasser, hydratisiertes Siliziumdioxid, PEG-8, Natriumlaurylsulfat,<br \/>\nNatriumbicarbonat (Backsoda), Natriumsaccharin, Cellulosegummi, Aroma, Xanthangummi,<br \/>\nTetranatriumpyrophosphat, Methylhydroxybenzoat, Propylparaben, Lactobacillus<br \/>\n(Probiotika*), Titandioxid (CI77891), 1450 PPM Fluorid als zinnhaltiges Fluorid und Natrium<br \/>\nMonofluorphosphat, Zinklactat<\/p>\n","protected":false},"excerpt":{"rendered":"<p>Verbessert den lang anhaltenden frischen Atem und Ihr Selbstvertrauen Sch\u00fctzt die Mundh\u00f6hle mit Enzymsystem 1450 PPM Fluorid als zinnhaltiges Fluorid<\/p>\n","protected":false},"featured_media":30562,"comment_status":"closed","ping_status":"closed","template":"","meta":{"_acf_changed":false},"product_brand":[],"product_cat":[131],"product_tag":[],"class_list":{"0":"post-30565","1":"product","2":"type-product","3":"status-publish","4":"has-post-thumbnail","6":"product_cat-zahnpasta","8":"first","9":"instock","10":"shipping-taxable","11":"product-type-simple"},"acf":[],"_links":{"self":[{"href":"https:\/\/swissfarmaco.ch\/de\/wp-json\/wp\/v2\/product\/30565","targetHints":{"allow":["GET"]}}],"collection":[{"href":"https:\/\/swissfarmaco.ch\/de\/wp-json\/wp\/v2\/product"}],"about":[{"href":"https:\/\/swissfarmaco.ch\/de\/wp-json\/wp\/v2\/types\/product"}],"replies":[{"embeddable":true,"href":"https:\/\/swissfarmaco.ch\/de\/wp-json\/wp\/v2\/comments?post=30565"}],"version-history":[{"count":4,"href":"https:\/\/swissfarmaco.ch\/de\/wp-json\/wp\/v2\/product\/30565\/revisions"}],"predecessor-version":[{"id":31101,"href":"https:\/\/swissfarmaco.ch\/de\/wp-json\/wp\/v2\/product\/30565\/revisions\/31101"}],"wp:featuredmedia":[{"embeddable":true,"href":"https:\/\/swissfarmaco.ch\/de\/wp-json\/wp\/v2\/media\/30562"}],"wp:attachment":[{"href":"https:\/\/swissfarmaco.ch\/de\/wp-json\/wp\/v2\/media?parent=30565"}],"wp:term":[{"taxonomy":"product_brand","embeddable":true,"href":"https:\/\/swissfarmaco.ch\/de\/wp-json\/wp\/v2\/product_brand?post=30565"},{"taxonomy":"product_cat","embeddable":true,"href":"https:\/\/swissfarmaco.ch\/de\/wp-json\/wp\/v2\/product_cat?post=30565"},{"taxonomy":"product_tag","embeddable":true,"href":"https:\/\/swissfarmaco.ch\/de\/wp-json\/wp\/v2\/product_tag?post=30565"}],"curies":[{"name":"wp","href":"https:\/\/api.w.org\/{rel}","templated":true}]}}