{"id":30578,"date":"2025-12-23T13:37:39","date_gmt":"2025-12-23T09:37:39","guid":{"rendered":"https:\/\/swissfarmaco.ch\/product\/awardeny-implantate-pflege\/"},"modified":"2026-02-26T15:05:18","modified_gmt":"2026-02-26T11:05:18","slug":"awardeny-implantate-pflege","status":"publish","type":"product","link":"https:\/\/swissfarmaco.ch\/de\/produkt\/awardeny-implantate-pflege\/","title":{"rendered":"WARNUNG IMPLANTE"},"content":{"rendered":"<p><strong>Professionelle t\u00e4gliche Pflege f\u00fcr Zahnimplantate und Mundh\u00f6hle<\/strong><\/p>\n<p><strong>Einzigartige Kombination von Enzims und Kr\u00e4uterextrakten<\/strong><\/p>\n<p><strong>Bek\u00e4mpft wirksam Mundgeruch<\/strong><\/p>\n<p><strong>Beste Vorbeugung gegen Zahnfleischreizungen<\/strong><\/p>\n<ul>\n<li>F\u00f6rdert gesundes Zahnfleisch und Mundgewebe um Implantate herum<\/li>\n<li>Unterst\u00fctzt die Implantatanpassung und den langfristigen Schutz<\/li>\n<li>Reduziert sanft die Ansammlung von bakteriellem Zahnbelag und Speiseresten<\/li>\n<li>Hilft, implantatbedingte Komplikationen zu vermeiden<\/li>\n<li>Bek\u00e4mpft schlechten Atem und sorgt f\u00fcr anhaltende Frische<\/li>\n<\/ul>\n<p><strong>Zutaten:<\/strong> Sorbitol, Aqua (Wasser), Hydrated Silica, PEG-8, Glycerin, Sodium Lauryl Sulfate,<br \/>\nFragrance, Cocamidopropyl Betaine, Xylitol, Anhydroxylitol, Xylitol Glucoside, Cellulose Gum,<br \/>\nXanthan Gum, Sodium Benzoate, Beet (NMF-50 Amino Acid Moisturizer), Papain, Arginin,<br \/>\nLysine Polypeptide, Osmanthus (OSMANTHUS FRAGRANS) Flower Extract, Camellia Sine Leaf<br \/>\nExtract, Tetrasodium Phosphate, Sodium Saccharin, Mica, CI 77891, 1450 ppm Fluoride as<br \/>\nStannous Fluoride and Sodium Monofluorophosphate, Zinc Lactate<\/p>\n","protected":false},"excerpt":{"rendered":"<p>Professionelle t\u00e4gliche Pflege f\u00fcr Zahnimplantate und Mundh\u00f6hle Einzigartige Kombination von Enzims und Kr\u00e4uterextrakten Bek\u00e4mpft wirksam Mundgeruch Beste Vorbeugung gegen Zahnfleischreizungen<\/p>\n","protected":false},"featured_media":30575,"comment_status":"closed","ping_status":"closed","template":"","meta":{"_acf_changed":false},"product_brand":[],"product_cat":[131],"product_tag":[],"class_list":{"0":"post-30578","1":"product","2":"type-product","3":"status-publish","4":"has-post-thumbnail","6":"product_cat-zahnpasta","8":"first","9":"instock","10":"shipping-taxable","11":"product-type-simple"},"acf":[],"_links":{"self":[{"href":"https:\/\/swissfarmaco.ch\/de\/wp-json\/wp\/v2\/product\/30578","targetHints":{"allow":["GET"]}}],"collection":[{"href":"https:\/\/swissfarmaco.ch\/de\/wp-json\/wp\/v2\/product"}],"about":[{"href":"https:\/\/swissfarmaco.ch\/de\/wp-json\/wp\/v2\/types\/product"}],"replies":[{"embeddable":true,"href":"https:\/\/swissfarmaco.ch\/de\/wp-json\/wp\/v2\/comments?post=30578"}],"version-history":[{"count":3,"href":"https:\/\/swissfarmaco.ch\/de\/wp-json\/wp\/v2\/product\/30578\/revisions"}],"predecessor-version":[{"id":31103,"href":"https:\/\/swissfarmaco.ch\/de\/wp-json\/wp\/v2\/product\/30578\/revisions\/31103"}],"wp:featuredmedia":[{"embeddable":true,"href":"https:\/\/swissfarmaco.ch\/de\/wp-json\/wp\/v2\/media\/30575"}],"wp:attachment":[{"href":"https:\/\/swissfarmaco.ch\/de\/wp-json\/wp\/v2\/media?parent=30578"}],"wp:term":[{"taxonomy":"product_brand","embeddable":true,"href":"https:\/\/swissfarmaco.ch\/de\/wp-json\/wp\/v2\/product_brand?post=30578"},{"taxonomy":"product_cat","embeddable":true,"href":"https:\/\/swissfarmaco.ch\/de\/wp-json\/wp\/v2\/product_cat?post=30578"},{"taxonomy":"product_tag","embeddable":true,"href":"https:\/\/swissfarmaco.ch\/de\/wp-json\/wp\/v2\/product_tag?post=30578"}],"curies":[{"name":"wp","href":"https:\/\/api.w.org\/{rel}","templated":true}]}}