{"id":30589,"date":"2025-12-23T13:48:45","date_gmt":"2025-12-23T09:48:45","guid":{"rendered":"https:\/\/swissfarmaco.ch\/product\/awardent-perio-pflege\/"},"modified":"2026-02-26T15:06:00","modified_gmt":"2026-02-26T11:06:00","slug":"awardent-perio-pflege","status":"publish","type":"product","link":"https:\/\/swissfarmaco.ch\/de\/produkt\/awardent-perio-pflege\/","title":{"rendered":"AwarDent PERIO"},"content":{"rendered":"<p><strong>Spezielle Formel f\u00fcr die Verwendung mit Periotherapie<\/strong><\/p>\n<p><strong>Bek\u00e4mpft Plaque und verhindert das Wiederauftreten von ITS <\/strong><strong>Verhindert die orale Mukoza-Krankheit <\/strong> <\/p>\n<p><strong>Enth\u00e4lt: <\/strong><strong>1450 PPm Fluorid als zinnhaltiges Fluorid und Natriummonofluorphosphat, Zinklactat<\/strong><\/p>\n<p>Professionell entwickelte Zahnpasta f\u00fcr die t\u00e4gliche Anwendung:<\/p>\n<ul>\n<li>Unterst\u00fctzt die nat\u00fcrliche antibakterielle Abwehr durch Enzyme<\/li>\n<li>Stellt die nat\u00fcrliche Qualit\u00e4t des Speichels wieder her<\/li>\n<li>Bek\u00e4mpft Zahnbelag und bakterielle Ablagerungen<\/li>\n<li>Reduziert und hilft, Zahnfleischbluten zu verhindern<\/li>\n<li>Pflegt und befeuchtet das Zahnfleisch<\/li>\n<li>St\u00e4rkt den Zahnschmelz und sch\u00fctzt vor Karies<\/li>\n<li>Bietet eine entz\u00fcndungshemmende Wirkung<\/li>\n<\/ul>\n<p><strong>Zutaten:<\/strong> Sorbitol, Aqua (Wasser), Hydrated Silica, PEG-8, Glycerin, Sodium Lauryl Sulfate,<br \/>\nFragrance, Cocamidopropyl Betaine, Xylitol, Anhydroxylitol, Xylitol Glucoside, Cellulose Gum,<br \/>\nXanthan Gum, Sodium Benzoate, Beet (NMF-50 Amino Acid Moisturizer), Papain, Arginin,<br \/>\nLysine Polypeptide, Osmanthus (OSMANTHUS FRAGRANS) Flower Extract, Camellia Sine Leaf<br \/>\nExtract, Tetrasodium Phosphate, Sodium Saccharin, Mica, CI 77891, 1450 ppm Fluoride as<br \/>\nStannous Fluoride and Sodium Monofluorophosphate, Zinc Lactate.<\/p>\n","protected":false},"excerpt":{"rendered":"<p>Spezielle Formel f\u00fcr die Verwendung mit Periotherapie Bek\u00e4mpft Plaque und verhindert das Wiederauftreten von ITS Verhindert die orale Mukoza-Krankheit Enth\u00e4lt:<\/p>\n","protected":false},"featured_media":30584,"comment_status":"closed","ping_status":"closed","template":"","meta":{"_acf_changed":false},"product_brand":[],"product_cat":[131],"product_tag":[],"class_list":{"0":"post-30589","1":"product","2":"type-product","3":"status-publish","4":"has-post-thumbnail","6":"product_cat-zahnpasta","8":"first","9":"instock","10":"shipping-taxable","11":"product-type-simple"},"acf":[],"_links":{"self":[{"href":"https:\/\/swissfarmaco.ch\/de\/wp-json\/wp\/v2\/product\/30589","targetHints":{"allow":["GET"]}}],"collection":[{"href":"https:\/\/swissfarmaco.ch\/de\/wp-json\/wp\/v2\/product"}],"about":[{"href":"https:\/\/swissfarmaco.ch\/de\/wp-json\/wp\/v2\/types\/product"}],"replies":[{"embeddable":true,"href":"https:\/\/swissfarmaco.ch\/de\/wp-json\/wp\/v2\/comments?post=30589"}],"version-history":[{"count":3,"href":"https:\/\/swissfarmaco.ch\/de\/wp-json\/wp\/v2\/product\/30589\/revisions"}],"predecessor-version":[{"id":31106,"href":"https:\/\/swissfarmaco.ch\/de\/wp-json\/wp\/v2\/product\/30589\/revisions\/31106"}],"wp:featuredmedia":[{"embeddable":true,"href":"https:\/\/swissfarmaco.ch\/de\/wp-json\/wp\/v2\/media\/30584"}],"wp:attachment":[{"href":"https:\/\/swissfarmaco.ch\/de\/wp-json\/wp\/v2\/media?parent=30589"}],"wp:term":[{"taxonomy":"product_brand","embeddable":true,"href":"https:\/\/swissfarmaco.ch\/de\/wp-json\/wp\/v2\/product_brand?post=30589"},{"taxonomy":"product_cat","embeddable":true,"href":"https:\/\/swissfarmaco.ch\/de\/wp-json\/wp\/v2\/product_cat?post=30589"},{"taxonomy":"product_tag","embeddable":true,"href":"https:\/\/swissfarmaco.ch\/de\/wp-json\/wp\/v2\/product_tag?post=30589"}],"curies":[{"name":"wp","href":"https:\/\/api.w.org\/{rel}","templated":true}]}}