{"id":30707,"date":"2025-12-27T16:50:27","date_gmt":"2025-12-27T12:50:27","guid":{"rendered":"https:\/\/swissfarmaco.ch\/product\/awardent-einzigartig-2\/"},"modified":"2026-02-17T10:15:49","modified_gmt":"2026-02-17T06:15:49","slug":"awardent-einzigartig-2","status":"publish","type":"product","link":"https:\/\/swissfarmaco.ch\/de\/produkt\/awardent-einzigartig-2\/","title":{"rendered":"AwarDent UNIQUE Cyan"},"content":{"rendered":"<p><strong>Awardent Einzigartige Zahnb\u00fcrste<\/strong><\/p>\n<p><strong>Weich<\/strong><\/p>\n<p><strong>Z\u00e4hne &amp; Zahnfleischpflege<\/strong><\/p>\n<p><strong>Ein breiterer Pinsel f\u00fcr eine breitere Pflege.<\/strong><\/p>\n<ul>\n<li>Soft+ Konex HD\u00ae-Borsten und ein extra breiter B\u00fcrstenkopf reinigen Z\u00e4hne, Zahnfleisch und<br \/>\nalles, was dazwischen liegt, intensiv in einem Schritt<\/li>\n<li>Der in der Schweiz entwickelte, breite und flexible Griff entlastet das Handgelenk und das B\u00fcrsten<br \/>\nden Druck auf die Z\u00e4hne.<\/li>\n<\/ul>\n<p>5x feinere Borsten, 30% breiterer Kopf, ultraflexibler Griff<\/p>\n<p><strong>Konex HD Zahnb\u00fcrste<\/strong><\/p>\n<p>Entwickelt f\u00fcr Komfort, Kontrolle und hervorragende Mundpflege<\/p>\n<p>Die <strong>Konex HD<\/strong> verf\u00fcgt \u00fcber einen ergonomisch geformten Griff, der ganz nat\u00fcrlich in der Hand<br \/>\nliegt, das Handgelenk entlastet und pr\u00e4zises B\u00fcrsten mit minimalem Druck erm\u00f6glicht. Ihr<br \/>\nultraflexibler, rutschfester Griff verbessert die Kontrolle und hilft, Z\u00e4hne und Zahnfleisch vor<br \/>\n\u00fcberm\u00e4\u00dfigem B\u00fcrsten zu sch\u00fctzen. In Kombination mit den hochverdichteten, ultrafeinen <strong>Konex-Borsten<\/strong> sorgt sie f\u00fcr eine<br \/>\neffektive und dennoch sanfte Reinigung &#8211; selbst an schwer zug\u00e4nglichen Stellen.<\/p>\n","protected":false},"excerpt":{"rendered":"<p>Awardent Einzigartige Zahnb\u00fcrste Weich Z\u00e4hne &amp; Zahnfleischpflege Ein breiterer Pinsel f\u00fcr eine breitere Pflege. Soft+ Konex HD\u00ae-Borsten und ein extra<\/p>\n","protected":false},"featured_media":30663,"comment_status":"closed","ping_status":"closed","template":"","meta":{"_acf_changed":false},"product_brand":[],"product_cat":[157],"product_tag":[],"class_list":{"0":"post-30707","1":"product","2":"type-product","3":"status-publish","4":"has-post-thumbnail","6":"product_cat-zahnburste","8":"first","9":"instock","10":"shipping-taxable","11":"product-type-simple"},"acf":[],"_links":{"self":[{"href":"https:\/\/swissfarmaco.ch\/de\/wp-json\/wp\/v2\/product\/30707","targetHints":{"allow":["GET"]}}],"collection":[{"href":"https:\/\/swissfarmaco.ch\/de\/wp-json\/wp\/v2\/product"}],"about":[{"href":"https:\/\/swissfarmaco.ch\/de\/wp-json\/wp\/v2\/types\/product"}],"replies":[{"embeddable":true,"href":"https:\/\/swissfarmaco.ch\/de\/wp-json\/wp\/v2\/comments?post=30707"}],"version-history":[{"count":3,"href":"https:\/\/swissfarmaco.ch\/de\/wp-json\/wp\/v2\/product\/30707\/revisions"}],"predecessor-version":[{"id":30761,"href":"https:\/\/swissfarmaco.ch\/de\/wp-json\/wp\/v2\/product\/30707\/revisions\/30761"}],"wp:featuredmedia":[{"embeddable":true,"href":"https:\/\/swissfarmaco.ch\/de\/wp-json\/wp\/v2\/media\/30663"}],"wp:attachment":[{"href":"https:\/\/swissfarmaco.ch\/de\/wp-json\/wp\/v2\/media?parent=30707"}],"wp:term":[{"taxonomy":"product_brand","embeddable":true,"href":"https:\/\/swissfarmaco.ch\/de\/wp-json\/wp\/v2\/product_brand?post=30707"},{"taxonomy":"product_cat","embeddable":true,"href":"https:\/\/swissfarmaco.ch\/de\/wp-json\/wp\/v2\/product_cat?post=30707"},{"taxonomy":"product_tag","embeddable":true,"href":"https:\/\/swissfarmaco.ch\/de\/wp-json\/wp\/v2\/product_tag?post=30707"}],"curies":[{"name":"wp","href":"https:\/\/api.w.org\/{rel}","templated":true}]}}