{"id":30496,"date":"2025-12-23T11:49:49","date_gmt":"2025-12-23T07:49:49","guid":{"rendered":"https:\/\/swissfarmaco.ch\/product\/dentifrice-quotidien-awardent\/"},"modified":"2026-02-26T15:04:50","modified_gmt":"2026-02-26T11:04:50","slug":"dentifrice-quotidien-awardent","status":"publish","type":"product","link":"https:\/\/swissfarmaco.ch\/fr\/produit\/dentifrice-quotidien-awardent\/","title":{"rendered":"AwarDent DAILY"},"content":{"rendered":"<p><strong>Formule double action<\/strong><\/p>\n<p><strong>Des dents d&rsquo;un blanc \u00e9clatant gr\u00e2ce \u00e0 la protection diurne<\/strong><\/p>\n<p><strong>0% d&rsquo;agents moussants agressifs (SLS), parab\u00e8nes, dioxyde de titane<\/strong><\/p>\n<ul>\n<li>La formule double action unique Anti-Plaque + Blanchissant contenant<br \/>\nPyrophosphate t\u00e9trapotassique et de la silice nettoyante douce \u00e9limine les taches.<\/li>\n<li>Assure une d\u00e9fense quotidienne en cr\u00e9ant une couche protectrice lisse qui emp\u00eache la plaque bact\u00e9rienne<br \/>\nd&rsquo;adh\u00e9rer \u00e0 la surface de la dent.<\/li>\n<li>La formule moussante compacte diffuse des ingr\u00e9dients actifs autour de la bouche.<\/li>\n<li>Prot\u00e8ge contre les caries<\/li>\n<li>Permet d&rsquo;entretenir le blanchiment, de pr\u00e9venir les taches et de pr\u00e9server les r\u00e9sultats \u00e9tincelants des traitements de blanchiment.<\/li>\n<li>Convient \u00e0 un usage quotidien<\/li>\n<\/ul>\n<p><strong>Ingr\u00e9dients :<\/strong> Aqua, Sorbitol, Silice hydrat\u00e9e, Glyc\u00e9rine, Pyrophosphate t\u00e9trapotassique,<br \/>\nPentylene Glycol, Gomme de cellulose, Ar\u00f4me, Silice, Hydroxyacetophenone,<br \/>\nCocamidopropyl Betaine, Sodium Flouride, Sodium Saccharin, Glyceryl Laurate,<br \/>\nTrisodium Phosphate, Sodium Lauroyl Sarcosinate.<br \/>\nContient : Fluorure de sodium MAX. 1450 PPM F (MAX. 0,145 % F ACTIF). AJR : 80.<\/p>\n","protected":false},"excerpt":{"rendered":"<p>Formule double action Des dents d&rsquo;un blanc \u00e9clatant gr\u00e2ce \u00e0 la protection diurne 0% d&rsquo;agents moussants agressifs (SLS), parab\u00e8nes, dioxyde<\/p>\n","protected":false},"featured_media":30493,"comment_status":"closed","ping_status":"closed","template":"","meta":{"_acf_changed":false},"product_brand":[],"product_cat":[138],"product_tag":[],"class_list":{"0":"post-30496","1":"product","2":"type-product","3":"status-publish","4":"has-post-thumbnail","6":"product_cat-dentifrice","8":"first","9":"instock","10":"shipping-taxable","11":"product-type-simple"},"acf":[],"_links":{"self":[{"href":"https:\/\/swissfarmaco.ch\/fr\/wp-json\/wp\/v2\/product\/30496","targetHints":{"allow":["GET"]}}],"collection":[{"href":"https:\/\/swissfarmaco.ch\/fr\/wp-json\/wp\/v2\/product"}],"about":[{"href":"https:\/\/swissfarmaco.ch\/fr\/wp-json\/wp\/v2\/types\/product"}],"replies":[{"embeddable":true,"href":"https:\/\/swissfarmaco.ch\/fr\/wp-json\/wp\/v2\/comments?post=30496"}],"version-history":[{"count":8,"href":"https:\/\/swissfarmaco.ch\/fr\/wp-json\/wp\/v2\/product\/30496\/revisions"}],"predecessor-version":[{"id":31087,"href":"https:\/\/swissfarmaco.ch\/fr\/wp-json\/wp\/v2\/product\/30496\/revisions\/31087"}],"wp:featuredmedia":[{"embeddable":true,"href":"https:\/\/swissfarmaco.ch\/fr\/wp-json\/wp\/v2\/media\/30493"}],"wp:attachment":[{"href":"https:\/\/swissfarmaco.ch\/fr\/wp-json\/wp\/v2\/media?parent=30496"}],"wp:term":[{"taxonomy":"product_brand","embeddable":true,"href":"https:\/\/swissfarmaco.ch\/fr\/wp-json\/wp\/v2\/product_brand?post=30496"},{"taxonomy":"product_cat","embeddable":true,"href":"https:\/\/swissfarmaco.ch\/fr\/wp-json\/wp\/v2\/product_cat?post=30496"},{"taxonomy":"product_tag","embeddable":true,"href":"https:\/\/swissfarmaco.ch\/fr\/wp-json\/wp\/v2\/product_tag?post=30496"}],"curies":[{"name":"wp","href":"https:\/\/api.w.org\/{rel}","templated":true}]}}