{"id":30555,"date":"2025-12-23T12:58:33","date_gmt":"2025-12-23T08:58:33","guid":{"rendered":"https:\/\/swissfarmaco.ch\/product\/awardent-soins-orthopediques\/"},"modified":"2026-02-26T15:04:02","modified_gmt":"2026-02-26T11:04:02","slug":"awardent-soins-orthopediques","status":"publish","type":"product","link":"https:\/\/swissfarmaco.ch\/fr\/produit\/awardent-soins-orthopediques\/","title":{"rendered":"AwarDent ORTHO"},"content":{"rendered":"<p><strong>Con\u00e7u pour les appareils dentaires  <\/strong><\/p>\n<p><strong>Des dents plus brillantes, des gencives plus saines<\/strong><\/p>\n<p><strong>0% de SLS, de parab\u00e8nes, de dioxyde de titane ou de gluten<\/strong><\/p>\n<p>AwarDent Ortho Care avec de la vitamine E, de l&rsquo;\u03b1-bisabolol et du lactate de calcium et d&rsquo;aluminium<br \/>\nsp\u00e9cialement formul\u00e9 pour les soins orthodontiques :<\/p>\n<ul>\n<li>Aide \u00e0 contr\u00f4ler la plaque dentaire et \u00e0 r\u00e9duire l&rsquo;inflammation des gencives associ\u00e9e aux appareils orthodontiques<\/li>\n<li>Renforce l&rsquo;\u00e9mail pour pr\u00e9venir la d\u00e9min\u00e9ralisation<\/li>\n<li>Procure une fra\u00eecheur et une protection durables.<\/li>\n<li>La technologie moussante compacte \u00e9limine les taches et les bact\u00e9ries sans irriter les gencives.<\/li>\n<li>Contrairement aux dentifrices tr\u00e8s moussants, AWARDENT ORTHO \u00e9vite l&rsquo;effet \u00ab\u00a0airbag\u00a0\u00bb de<br \/>\n, ce qui permet aux ingr\u00e9dients actifs d&rsquo;atteindre les espaces restreints, en particulier<br \/>\nentre les dents et autour des appareils orthodontiques.<\/li>\n<\/ul>\n<p><strong>Ingr\u00e9dients :<\/strong> Aqua, Sorbitol, Silice hydrat\u00e9e, Glyc\u00e9rine, Pentyl\u00e8ne Glycol, Silice, Aroma,<br \/>\nGomme xanthane, Gomme de cellulose, Bicarbonate de sodium, Lactate de calcium, Lactate d&rsquo;aluminium,<br \/>\nHydroxyacetophenone, Cocamidopropyl Betaine, Sodium Lauroyl Sarcosinate,<br \/>\nSodium Fluoride, Tocopheryl Acetate, Sodium Saccharin, Glyceryl Laurate, Bisabolol, CI 16185.<\/p>\n","protected":false},"excerpt":{"rendered":"<p>Con\u00e7u pour les appareils dentaires Des dents plus brillantes, des gencives plus saines 0% de SLS, de parab\u00e8nes, de dioxyde<\/p>\n","protected":false},"featured_media":30551,"comment_status":"closed","ping_status":"closed","template":"","meta":{"_acf_changed":false},"product_brand":[],"product_cat":[138],"product_tag":[],"class_list":{"0":"post-30555","1":"product","2":"type-product","3":"status-publish","4":"has-post-thumbnail","6":"product_cat-dentifrice","8":"first","9":"instock","10":"shipping-taxable","11":"product-type-simple"},"acf":[],"_links":{"self":[{"href":"https:\/\/swissfarmaco.ch\/fr\/wp-json\/wp\/v2\/product\/30555","targetHints":{"allow":["GET"]}}],"collection":[{"href":"https:\/\/swissfarmaco.ch\/fr\/wp-json\/wp\/v2\/product"}],"about":[{"href":"https:\/\/swissfarmaco.ch\/fr\/wp-json\/wp\/v2\/types\/product"}],"replies":[{"embeddable":true,"href":"https:\/\/swissfarmaco.ch\/fr\/wp-json\/wp\/v2\/comments?post=30555"}],"version-history":[{"count":3,"href":"https:\/\/swissfarmaco.ch\/fr\/wp-json\/wp\/v2\/product\/30555\/revisions"}],"predecessor-version":[{"id":31099,"href":"https:\/\/swissfarmaco.ch\/fr\/wp-json\/wp\/v2\/product\/30555\/revisions\/31099"}],"wp:featuredmedia":[{"embeddable":true,"href":"https:\/\/swissfarmaco.ch\/fr\/wp-json\/wp\/v2\/media\/30551"}],"wp:attachment":[{"href":"https:\/\/swissfarmaco.ch\/fr\/wp-json\/wp\/v2\/media?parent=30555"}],"wp:term":[{"taxonomy":"product_brand","embeddable":true,"href":"https:\/\/swissfarmaco.ch\/fr\/wp-json\/wp\/v2\/product_brand?post=30555"},{"taxonomy":"product_cat","embeddable":true,"href":"https:\/\/swissfarmaco.ch\/fr\/wp-json\/wp\/v2\/product_cat?post=30555"},{"taxonomy":"product_tag","embeddable":true,"href":"https:\/\/swissfarmaco.ch\/fr\/wp-json\/wp\/v2\/product_tag?post=30555"}],"curies":[{"name":"wp","href":"https:\/\/api.w.org\/{rel}","templated":true}]}}