{"id":30564,"date":"2025-12-23T13:29:01","date_gmt":"2025-12-23T09:29:01","guid":{"rendered":"https:\/\/swissfarmaco.ch\/product\/awardent-fresh-care\/"},"modified":"2026-02-26T15:03:34","modified_gmt":"2026-02-26T11:03:34","slug":"awardent-fresh-care","status":"publish","type":"product","link":"https:\/\/swissfarmaco.ch\/fr\/produit\/awardent-fresh-care\/","title":{"rendered":"AwarDent FRESH"},"content":{"rendered":"<p><strong>Am\u00e9liore l&rsquo;haleine fra\u00eeche et durable et votre confiance en vous<\/strong><\/p>\n<p><strong>Prot\u00e8ge la cavit\u00e9 buccale gr\u00e2ce \u00e0 un syst\u00e8me enzymatique<\/strong><\/p>\n<p><strong>1450 PPM Fluorure sous forme de fluorure stanneux et de monofluorophosphate de sodium<\/strong><\/p>\n<p>Dentifrice con\u00e7u par des professionnels pour un usage quotidien :<\/p>\n<ul>\n<li>Favorise en douceur la sant\u00e9 de votre cavit\u00e9 buccale<\/li>\n<li>Renforce l&rsquo;\u00e9mail des dents<\/li>\n<li>Inhibe la formation de la plaque dentaire et du tartre<\/li>\n<li>Protection contre les caries<\/li>\n<li>\u00c9limine la mauvaise haleine (Halitose)<\/li>\n<li>Aide \u00e0 pr\u00e9venir la pigmentation<\/li>\n<li>Restaure la blancheur naturelle des dents<\/li>\n<\/ul>\n<p><strong>Ingr\u00e9dients :<\/strong> Carbonate de calcium, sorbitol, eau, silice hydrat\u00e9e, PEG-8, lauryl sulfate de sodium,<br \/>\nbicarbonate de sodium (bicarbonate de soude), saccharine de sodium, gomme de cellulose, ar\u00f4me, gomme xanthane,<br \/>\npyrophosphate t\u00e9trasodique, Hydroxybenzoate de m\u00e9thyle, Propylparaben, Lactobacillus<br \/>\n(Probiotiques*), Dioxyde de titane (CI77891), 1450 PPM de fluorure sous forme de fluorure stanneux et de monofluorophosphate de sodium<br \/>\n, Lactate de zinc.<\/p>\n","protected":false},"excerpt":{"rendered":"<p>Am\u00e9liore l&rsquo;haleine fra\u00eeche et durable et votre confiance en vous Prot\u00e8ge la cavit\u00e9 buccale gr\u00e2ce \u00e0 un syst\u00e8me enzymatique 1450<\/p>\n","protected":false},"featured_media":30561,"comment_status":"closed","ping_status":"closed","template":"","meta":{"_acf_changed":false},"product_brand":[],"product_cat":[138],"product_tag":[],"class_list":{"0":"post-30564","1":"product","2":"type-product","3":"status-publish","4":"has-post-thumbnail","6":"product_cat-dentifrice","8":"first","9":"instock","10":"shipping-taxable","11":"product-type-simple"},"acf":[],"_links":{"self":[{"href":"https:\/\/swissfarmaco.ch\/fr\/wp-json\/wp\/v2\/product\/30564","targetHints":{"allow":["GET"]}}],"collection":[{"href":"https:\/\/swissfarmaco.ch\/fr\/wp-json\/wp\/v2\/product"}],"about":[{"href":"https:\/\/swissfarmaco.ch\/fr\/wp-json\/wp\/v2\/types\/product"}],"replies":[{"embeddable":true,"href":"https:\/\/swissfarmaco.ch\/fr\/wp-json\/wp\/v2\/comments?post=30564"}],"version-history":[{"count":4,"href":"https:\/\/swissfarmaco.ch\/fr\/wp-json\/wp\/v2\/product\/30564\/revisions"}],"predecessor-version":[{"id":31102,"href":"https:\/\/swissfarmaco.ch\/fr\/wp-json\/wp\/v2\/product\/30564\/revisions\/31102"}],"wp:featuredmedia":[{"embeddable":true,"href":"https:\/\/swissfarmaco.ch\/fr\/wp-json\/wp\/v2\/media\/30561"}],"wp:attachment":[{"href":"https:\/\/swissfarmaco.ch\/fr\/wp-json\/wp\/v2\/media?parent=30564"}],"wp:term":[{"taxonomy":"product_brand","embeddable":true,"href":"https:\/\/swissfarmaco.ch\/fr\/wp-json\/wp\/v2\/product_brand?post=30564"},{"taxonomy":"product_cat","embeddable":true,"href":"https:\/\/swissfarmaco.ch\/fr\/wp-json\/wp\/v2\/product_cat?post=30564"},{"taxonomy":"product_tag","embeddable":true,"href":"https:\/\/swissfarmaco.ch\/fr\/wp-json\/wp\/v2\/product_tag?post=30564"}],"curies":[{"name":"wp","href":"https:\/\/api.w.org\/{rel}","templated":true}]}}