{"id":30577,"date":"2025-12-23T13:37:39","date_gmt":"2025-12-23T09:37:39","guid":{"rendered":"https:\/\/swissfarmaco.ch\/product\/awardeny-soins-des-implants\/"},"modified":"2026-02-26T15:05:18","modified_gmt":"2026-02-26T11:05:18","slug":"awardeny-soins-des-implants","status":"publish","type":"product","link":"https:\/\/swissfarmaco.ch\/fr\/produit\/awardeny-soins-des-implants\/","title":{"rendered":"AwarDeny IMPLANTS"},"content":{"rendered":"<p><strong>Soins quotidiens professionnels pour les implants dentaires et la cavit\u00e9 buccale<\/strong><\/p>\n<p><strong>Unic Combination of Enzims and Herb Extracts (combinaison unique d&rsquo;enzymes et d&rsquo;extraits de plantes)<\/strong><\/p>\n<p><strong>Combat efficacement la mauvaise haleine<\/strong><\/p>\n<p><strong>Meilleure pr\u00e9vention de l&rsquo;irritation des gencives<\/strong><\/p>\n<ul>\n<li>Favorise la sant\u00e9 des gencives et des tissus buccaux autour des implants<\/li>\n<li>Favorise l&rsquo;adaptation de l&rsquo;implant et la protection \u00e0 long terme<\/li>\n<li>R\u00e9duit en douceur la plaque bact\u00e9rienne et l&rsquo;accumulation de d\u00e9bris alimentaires<\/li>\n<li>Aide \u00e0 pr\u00e9venir les complications li\u00e9es aux implants<\/li>\n<li>Lutte contre la mauvaise haleine et garantit une fra\u00eecheur durable<\/li>\n<\/ul>\n<p><strong>Ingr\u00e9dients :<\/strong> Sorbitol, Aqua (Eau), Silice hydrat\u00e9e, PEG-8, Glyc\u00e9rine, Sodium Lauryl Sulfate,<br \/>\nFragrance, Cocamidopropyl Betaine, Xylitol, Anhydroxylitol, Xylitol Glucoside, Cellulose Gum,<br \/>\nXanthan Gum, Sodium Benzoate, Beet (NMF-50 Amino Acid Moisturizer), Papain, Arginine,<br \/>\nLysine Polypeptide, Extrait de fleur d&rsquo;Osmanthus (OSMANTHUS FRAGRANS), Extrait de feuille de Camellia Sine<br \/>\n, Phosphate t\u00e9trasodique, Saccharine sodique, Mica, CI 77891, 1450 ppm de fluorure sous forme de<br \/>\nfluorure stanneux et monofluorophosphate de sodium, Lactate de zinc.<\/p>\n","protected":false},"excerpt":{"rendered":"<p>Soins quotidiens professionnels pour les implants dentaires et la cavit\u00e9 buccale Unic Combination of Enzims and Herb Extracts (combinaison unique<\/p>\n","protected":false},"featured_media":30574,"comment_status":"closed","ping_status":"closed","template":"","meta":{"_acf_changed":false},"product_brand":[],"product_cat":[138],"product_tag":[],"class_list":{"0":"post-30577","1":"product","2":"type-product","3":"status-publish","4":"has-post-thumbnail","6":"product_cat-dentifrice","8":"first","9":"instock","10":"shipping-taxable","11":"product-type-simple"},"acf":[],"_links":{"self":[{"href":"https:\/\/swissfarmaco.ch\/fr\/wp-json\/wp\/v2\/product\/30577","targetHints":{"allow":["GET"]}}],"collection":[{"href":"https:\/\/swissfarmaco.ch\/fr\/wp-json\/wp\/v2\/product"}],"about":[{"href":"https:\/\/swissfarmaco.ch\/fr\/wp-json\/wp\/v2\/types\/product"}],"replies":[{"embeddable":true,"href":"https:\/\/swissfarmaco.ch\/fr\/wp-json\/wp\/v2\/comments?post=30577"}],"version-history":[{"count":3,"href":"https:\/\/swissfarmaco.ch\/fr\/wp-json\/wp\/v2\/product\/30577\/revisions"}],"predecessor-version":[{"id":31104,"href":"https:\/\/swissfarmaco.ch\/fr\/wp-json\/wp\/v2\/product\/30577\/revisions\/31104"}],"wp:featuredmedia":[{"embeddable":true,"href":"https:\/\/swissfarmaco.ch\/fr\/wp-json\/wp\/v2\/media\/30574"}],"wp:attachment":[{"href":"https:\/\/swissfarmaco.ch\/fr\/wp-json\/wp\/v2\/media?parent=30577"}],"wp:term":[{"taxonomy":"product_brand","embeddable":true,"href":"https:\/\/swissfarmaco.ch\/fr\/wp-json\/wp\/v2\/product_brand?post=30577"},{"taxonomy":"product_cat","embeddable":true,"href":"https:\/\/swissfarmaco.ch\/fr\/wp-json\/wp\/v2\/product_cat?post=30577"},{"taxonomy":"product_tag","embeddable":true,"href":"https:\/\/swissfarmaco.ch\/fr\/wp-json\/wp\/v2\/product_tag?post=30577"}],"curies":[{"name":"wp","href":"https:\/\/api.w.org\/{rel}","templated":true}]}}