{"id":30587,"date":"2025-12-23T13:48:45","date_gmt":"2025-12-23T09:48:45","guid":{"rendered":"https:\/\/swissfarmaco.ch\/product\/awardent-soins-perio\/"},"modified":"2026-02-26T15:06:04","modified_gmt":"2026-02-26T11:06:04","slug":"awardent-soins-perio","status":"publish","type":"product","link":"https:\/\/swissfarmaco.ch\/fr\/produit\/awardent-soins-perio\/","title":{"rendered":"AwarDent PERIO"},"content":{"rendered":"<p><strong>Formule sp\u00e9ciale \u00e0 utiliser avec la p\u00e9rioth\u00e9rapie<\/strong><\/p>\n<p><strong>Combat la plaque dentaire et pr\u00e9vient la r\u00e9apparition des ITS <\/strong><strong>Pr\u00e9vient la maladie buccale de Mucoza <\/strong> <\/p>\n<p><strong>Contient : <\/strong><strong>1450 PPm de fluor sous forme de fluorure stanneux et de monofluorophosphate de sodium, Lactate de zinc<\/strong><\/p>\n<p>Dentifrice con\u00e7u par des professionnels pour un usage quotidien :<\/p>\n<ul>\n<li>Favorise la d\u00e9fense antibact\u00e9rienne naturelle gr\u00e2ce aux enzymes<\/li>\n<li>Restaure la qualit\u00e9 naturelle de la salive<\/li>\n<li>Lutte contre la plaque dentaire et l&rsquo;accumulation de bact\u00e9ries<\/li>\n<li>R\u00e9duit et aide \u00e0 pr\u00e9venir les saignements gingivaux<\/li>\n<li>Soigne et hydrate les gencives<\/li>\n<li>Renforce l&rsquo;\u00e9mail des dents et prot\u00e8ge contre les caries.<\/li>\n<li>Action anti-inflammatoire<\/li>\n<\/ul>\n<p><strong>Ingr\u00e9dients :<\/strong> Sorbitol, Aqua (Eau), Silice hydrat\u00e9e, PEG-8, Glyc\u00e9rine, Sodium Lauryl Sulfate,<br \/>\nFragrance, Cocamidopropyl Betaine, Xylitol, Anhydroxylitol, Xylitol Glucoside, Cellulose Gum,<br \/>\nXanthan Gum, Sodium Benzoate, Beet (NMF-50 Amino Acid Moisturizer), Papain, Arginine,<br \/>\nLysine Polypeptide, Osmanthus (OSMANTHUS FRAGRANS) Flower Extract, Camellia Sine Leaf<br \/>\nExtract, Tetrasodium Phosphate, Sodium Saccharin, Mica, CI 77891, 1450 ppm Fluoride sous forme de<br \/>\nStannous Fluoride et Sodium Monofluorophosphate, Zinc Lactate.<\/p>\n","protected":false},"excerpt":{"rendered":"<p>Formule sp\u00e9ciale \u00e0 utiliser avec la p\u00e9rioth\u00e9rapie Combat la plaque dentaire et pr\u00e9vient la r\u00e9apparition des ITS Pr\u00e9vient la maladie<\/p>\n","protected":false},"featured_media":30583,"comment_status":"closed","ping_status":"closed","template":"","meta":{"_acf_changed":false},"product_brand":[],"product_cat":[138],"product_tag":[],"class_list":{"0":"post-30587","1":"product","2":"type-product","3":"status-publish","4":"has-post-thumbnail","6":"product_cat-dentifrice","8":"first","9":"instock","10":"shipping-taxable","11":"product-type-simple"},"acf":[],"_links":{"self":[{"href":"https:\/\/swissfarmaco.ch\/fr\/wp-json\/wp\/v2\/product\/30587","targetHints":{"allow":["GET"]}}],"collection":[{"href":"https:\/\/swissfarmaco.ch\/fr\/wp-json\/wp\/v2\/product"}],"about":[{"href":"https:\/\/swissfarmaco.ch\/fr\/wp-json\/wp\/v2\/types\/product"}],"replies":[{"embeddable":true,"href":"https:\/\/swissfarmaco.ch\/fr\/wp-json\/wp\/v2\/comments?post=30587"}],"version-history":[{"count":3,"href":"https:\/\/swissfarmaco.ch\/fr\/wp-json\/wp\/v2\/product\/30587\/revisions"}],"predecessor-version":[{"id":31105,"href":"https:\/\/swissfarmaco.ch\/fr\/wp-json\/wp\/v2\/product\/30587\/revisions\/31105"}],"wp:featuredmedia":[{"embeddable":true,"href":"https:\/\/swissfarmaco.ch\/fr\/wp-json\/wp\/v2\/media\/30583"}],"wp:attachment":[{"href":"https:\/\/swissfarmaco.ch\/fr\/wp-json\/wp\/v2\/media?parent=30587"}],"wp:term":[{"taxonomy":"product_brand","embeddable":true,"href":"https:\/\/swissfarmaco.ch\/fr\/wp-json\/wp\/v2\/product_brand?post=30587"},{"taxonomy":"product_cat","embeddable":true,"href":"https:\/\/swissfarmaco.ch\/fr\/wp-json\/wp\/v2\/product_cat?post=30587"},{"taxonomy":"product_tag","embeddable":true,"href":"https:\/\/swissfarmaco.ch\/fr\/wp-json\/wp\/v2\/product_tag?post=30587"}],"curies":[{"name":"wp","href":"https:\/\/api.w.org\/{rel}","templated":true}]}}