{"id":30596,"date":"2025-12-23T13:58:00","date_gmt":"2025-12-23T09:58:00","guid":{"rendered":"https:\/\/swissfarmaco.ch\/product\/awardent-soins-des-gencives\/"},"modified":"2026-02-26T15:11:14","modified_gmt":"2026-02-26T11:11:14","slug":"awardent-soins-des-gencives","status":"publish","type":"product","link":"https:\/\/swissfarmaco.ch\/fr\/produit\/awardent-soins-des-gencives\/","title":{"rendered":"AwarDent GUM CARE"},"content":{"rendered":"<p><strong>Teeth + Gums, recommand\u00e9 pour les gencives irrit\u00e9es et les dents sensibles<\/strong><\/p>\n<p><strong>0% Dioxyde de Titane, Parabens, Mousseurs agressifs (SLS), Gluten <\/strong><strong>V\u00e9g\u00e9talien<\/strong><\/p>\n<p>Des gencives nettement plus saines gr\u00e2ce \u00e0 des ingr\u00e9dients actifs tels que la vitamine E, l&rsquo;\u03b1-bisabolol, le calcium<br \/>\net le lactate d&rsquo;aluminium. La formule multit\u00e2che renforce les bases<br \/>\npour des dents saines et belles tout en les \u00e9claircissant en douceur.<\/p>\n<ul>\n<li>Resserre et rafra\u00eechit les gencives irrit\u00e9es, am\u00e9liorant leur sant\u00e9 et leur int\u00e9grit\u00e9.<\/li>\n<li>Soulage les signes et les sympt\u00f4mes de la gingivite<\/li>\n<li>Assure une fra\u00eecheur durable et une protection contre les odeurs.<\/li>\n<li>Favorise la r\u00e9paration de l&rsquo;\u00e9mail, pr\u00e9vient la formation de la plaque dentaire et assure une protection durable.<\/li>\n<\/ul>\n<p><strong>Ingr\u00e9dients :<\/strong> Aqua, Sorbitol, Silice hydrat\u00e9e, Glyc\u00e9rine, Pentyl\u00e8ne Glycol, Silice,<br \/>\nAr\u00f4me, Gomme xanthane, Gomme de cellulose, Bicarbonate de sodium, Lactate de calcium,<br \/>\nLactate d&rsquo;aluminium, Hydroxyac\u00e9toph\u00e9none, Cocamidopropyl Betaine,<br \/>\nSodium Lauroyl Sarcosinate, Sodium Fluoride, Tocopheryl Acetate, Sodium Saccharin,<br \/>\nGlyceryl Laurate, Bisabolol, CI 16185. AJR : 60.<\/p>\n","protected":false},"excerpt":{"rendered":"<p>Teeth + Gums, recommand\u00e9 pour les gencives irrit\u00e9es et les dents sensibles 0% Dioxyde de Titane, Parabens, Mousseurs agressifs (SLS),<\/p>\n","protected":false},"featured_media":30593,"comment_status":"closed","ping_status":"closed","template":"","meta":{"_acf_changed":false},"product_brand":[],"product_cat":[138],"product_tag":[],"class_list":{"0":"post-30596","1":"product","2":"type-product","3":"status-publish","4":"has-post-thumbnail","6":"product_cat-dentifrice","8":"first","9":"instock","10":"shipping-taxable","11":"product-type-simple"},"acf":[],"_links":{"self":[{"href":"https:\/\/swissfarmaco.ch\/fr\/wp-json\/wp\/v2\/product\/30596","targetHints":{"allow":["GET"]}}],"collection":[{"href":"https:\/\/swissfarmaco.ch\/fr\/wp-json\/wp\/v2\/product"}],"about":[{"href":"https:\/\/swissfarmaco.ch\/fr\/wp-json\/wp\/v2\/types\/product"}],"replies":[{"embeddable":true,"href":"https:\/\/swissfarmaco.ch\/fr\/wp-json\/wp\/v2\/comments?post=30596"}],"version-history":[{"count":2,"href":"https:\/\/swissfarmaco.ch\/fr\/wp-json\/wp\/v2\/product\/30596\/revisions"}],"predecessor-version":[{"id":30769,"href":"https:\/\/swissfarmaco.ch\/fr\/wp-json\/wp\/v2\/product\/30596\/revisions\/30769"}],"wp:featuredmedia":[{"embeddable":true,"href":"https:\/\/swissfarmaco.ch\/fr\/wp-json\/wp\/v2\/media\/30593"}],"wp:attachment":[{"href":"https:\/\/swissfarmaco.ch\/fr\/wp-json\/wp\/v2\/media?parent=30596"}],"wp:term":[{"taxonomy":"product_brand","embeddable":true,"href":"https:\/\/swissfarmaco.ch\/fr\/wp-json\/wp\/v2\/product_brand?post=30596"},{"taxonomy":"product_cat","embeddable":true,"href":"https:\/\/swissfarmaco.ch\/fr\/wp-json\/wp\/v2\/product_cat?post=30596"},{"taxonomy":"product_tag","embeddable":true,"href":"https:\/\/swissfarmaco.ch\/fr\/wp-json\/wp\/v2\/product_tag?post=30596"}],"curies":[{"name":"wp","href":"https:\/\/api.w.org\/{rel}","templated":true}]}}