{"id":30718,"date":"2025-12-27T16:53:01","date_gmt":"2025-12-27T12:53:01","guid":{"rendered":"https:\/\/swissfarmaco.ch\/product\/awardent-unique-gray\/"},"modified":"2026-02-17T10:15:56","modified_gmt":"2026-02-17T06:15:56","slug":"awardent-unique-gray","status":"publish","type":"product","link":"https:\/\/swissfarmaco.ch\/fr\/produit\/awardent-unique-gray\/","title":{"rendered":"AwarDent UNIQUE Gris"},"content":{"rendered":"<p><strong>Awardent Unique Toothbrush (brosse \u00e0 dents unique)<\/strong><\/p>\n<p><strong>Douceur<\/strong><\/p>\n<p><strong>Soins des dents et des gencives<\/strong><\/p>\n<p><strong>Un pinceau plus large pour des soins plus larges.<\/strong><\/p>\n<ul>\n<li>Les poils doux+ Konex HD\u00ae et la t\u00eate de brosse extra-large nettoient intensivement les dents, les gencives et<br \/>\ntout ce qui se trouve entre les deux en une seule \u00e9tape.<\/li>\n<li>Le manche large et flexible de conception suisse soulage la tension dans le poignet et le brossage<br \/>\nla pression sur les dents.<\/li>\n<\/ul>\n<p>Poils 5 fois plus fins, t\u00eate 30 % plus large, manche ultra flexible<\/p>\n<p><strong>Brosse \u00e0 dents Konex HD<\/strong><\/p>\n<p>Con\u00e7u pour le confort, le contr\u00f4le et des soins bucco-dentaires de qualit\u00e9 sup\u00e9rieure<\/p>\n<p>Le <strong>Konex HD<\/strong> est dot\u00e9 d&rsquo;un manche ergonomique qui s&rsquo;adapte naturellement \u00e0 la main<br \/>\n, r\u00e9duisant la tension du poignet et permettant un brossage pr\u00e9cis avec une pression minimale. Sa poign\u00e9e ultra-flexible et antid\u00e9rapante<br \/>\nam\u00e9liore le contr\u00f4le et aide \u00e0 prot\u00e9ger les dents et les gencives d&rsquo;un brossage excessif<br \/>\n. Associ\u00e9e aux poils <strong>Konex<\/strong> ultra-fins \u00e0 haute densit\u00e9, elle permet un<br \/>\nnettoyage efficace mais doux, m\u00eame dans les zones difficiles d&rsquo;acc\u00e8s.  <\/p>\n","protected":false},"excerpt":{"rendered":"<p><strong>Awardent Unique Toothbrush (brosse \u00e0 dents unique)<\/strong><\/p>\n<p><strong>Douceur<\/strong><\/p>\n<p><strong>Soins des dents et des gencives<\/strong><\/p>\n<p><strong>Un pinceau plus large pour des soins plus larges.<\/strong><\/p>\n<ul>\n<li>Les poils doux+ Konex HD\u00ae et la t\u00eate de brosse extra-large nettoient intensivement les dents, les gencives et<br \/>\ntout ce qui se trouve entre les deux en une seule \u00e9tape.<\/li>\n<li>Le manche large et flexible de conception suisse soulage la tension dans le poignet et le brossage<br \/>\nla pression sur les dents.<\/li>\n<\/ul>\n<p>Poils 5 fois plus fins, t\u00eate 30 % plus large, manche ultra flexible<\/p>\n<p><strong>Brosse \u00e0 dents Konex HD<\/strong><\/p>\n<p>Con\u00e7u pour le confort, le contr\u00f4le et des soins bucco-dentaires de qualit\u00e9 sup\u00e9rieure<\/p>\n<p>Le <strong>Konex HD<\/strong> est dot\u00e9 d&rsquo;un manche ergonomique qui s&rsquo;adapte naturellement \u00e0 la main<br \/>\n, r\u00e9duisant la tension du poignet et permettant un brossage pr\u00e9cis avec une pression minimale. Sa poign\u00e9e ultra-flexible et antid\u00e9rapante<br \/>\nam\u00e9liore le contr\u00f4le et aide \u00e0 prot\u00e9ger les dents et les gencives d&rsquo;un brossage excessif<br \/>\n. Associ\u00e9e aux poils <strong>Konex<\/strong> ultra-fins \u00e0 haute densit\u00e9, elle permet un<br \/>\nnettoyage efficace mais doux, m\u00eame dans les zones difficiles d&rsquo;acc\u00e8s.  <\/p>\n","protected":false},"featured_media":30671,"comment_status":"closed","ping_status":"closed","template":"","meta":{"_acf_changed":false},"product_brand":[],"product_cat":[156],"product_tag":[],"class_list":{"0":"post-30718","1":"product","2":"type-product","3":"status-publish","4":"has-post-thumbnail","6":"product_cat-brosse-a-dents","8":"first","9":"instock","10":"shipping-taxable","11":"product-type-simple"},"acf":[],"_links":{"self":[{"href":"https:\/\/swissfarmaco.ch\/fr\/wp-json\/wp\/v2\/product\/30718","targetHints":{"allow":["GET"]}}],"collection":[{"href":"https:\/\/swissfarmaco.ch\/fr\/wp-json\/wp\/v2\/product"}],"about":[{"href":"https:\/\/swissfarmaco.ch\/fr\/wp-json\/wp\/v2\/types\/product"}],"replies":[{"embeddable":true,"href":"https:\/\/swissfarmaco.ch\/fr\/wp-json\/wp\/v2\/comments?post=30718"}],"version-history":[{"count":3,"href":"https:\/\/swissfarmaco.ch\/fr\/wp-json\/wp\/v2\/product\/30718\/revisions"}],"predecessor-version":[{"id":30814,"href":"https:\/\/swissfarmaco.ch\/fr\/wp-json\/wp\/v2\/product\/30718\/revisions\/30814"}],"wp:featuredmedia":[{"embeddable":true,"href":"https:\/\/swissfarmaco.ch\/fr\/wp-json\/wp\/v2\/media\/30671"}],"wp:attachment":[{"href":"https:\/\/swissfarmaco.ch\/fr\/wp-json\/wp\/v2\/media?parent=30718"}],"wp:term":[{"taxonomy":"product_brand","embeddable":true,"href":"https:\/\/swissfarmaco.ch\/fr\/wp-json\/wp\/v2\/product_brand?post=30718"},{"taxonomy":"product_cat","embeddable":true,"href":"https:\/\/swissfarmaco.ch\/fr\/wp-json\/wp\/v2\/product_cat?post=30718"},{"taxonomy":"product_tag","embeddable":true,"href":"https:\/\/swissfarmaco.ch\/fr\/wp-json\/wp\/v2\/product_tag?post=30718"}],"curies":[{"name":"wp","href":"https:\/\/api.w.org\/{rel}","templated":true}]}}